{"id":15754,"date":"2020-09-30T18:36:18","date_gmt":"2020-09-30T16:36:18","guid":{"rendered":"https:\/\/www.apfelpatient.de\/?page_id=15754"},"modified":"2026-03-27T08:55:53","modified_gmt":"2026-03-27T07:55:53","slug":"cookie-settings","status":"publish","type":"page","link":"https:\/\/www.apfelpatient.de\/en\/cookie-einstellungen","title":{"rendered":"Cookie Settings"},"content":{"rendered":"<div class=\"wpb-content-wrapper\"><div class=\"row vc_row wpb_row vc_row-fluid\"><div class=\"jeg-vc-wrapper\"><div class=\"wpb_column jeg_column vc_column_container vc_col-sm-12 jeg_main_content\"><div class=\"jeg_wrapper wpb_wrapper\">\n\t<div class=\"wpb_text_column wpb_content_element\" >\n\t\t<div class=\"wpb_wrapper\">\n\t\t\t<h2 id=\"m134\">Use of Cookies<\/h2>\n<p>The term \u201cCookies\u201d refers to functions that store and read information from users\u2019 end devices. Cookies can also be used for various purposes, such as the functionality, security and convenience of online offerings and the creation of analyzes of visitor flows. We use cookies in accordance with legal regulations. If necessary, we obtain the users\u2019 consent in advance. If consent is not necessary, we rely on our legitimate interests. This applies if storing and reading information is essential in order to be able to provide explicitly requested content and functions. This includes, for example, storing settings and ensuring the functionality and security of our online offering. Consent can be revoked at any time. We provide clear information about their scope and which cookies are used.<\/p>\n<p class=\"translation-block\"><strong>Notes on data protection law:<\/strong> Whether we process personal data using cookies depends on consent. If consent is given, it serves as the legal basis. Without consent, we rely on our legitimate interests, which are explained above in this section and in the context of the respective services and processes.<\/p>\n<p class=\"translation-block\"><strong>Storage period:<\/strong> With regard to the storage period, the following types of cookies are distinguished:<\/p>\n<ul>\n<li class=\"translation-block\"><strong>Temporary cookies (also: session cookies):<\/strong> Temporary cookies are deleted at the latest after a user has left an online offering and closed their device (e.g. browser or mobile application).<\/li>\n<li class=\"translation-block\"><strong>Persistent cookies:<\/strong> Persistent cookies remain stored even after the device is closed. For example, the login status can be saved and preferred content can be displayed directly when the user visits a website again. Likewise, the user data collected using cookies can be used for reach measurement. Unless we provide users with explicit information about the type and storage duration of cookies (e.g., when obtaining consent), they should assume that they are permanent and that the storage period can be up to two years.<\/li>\n<\/ul>\n<p class=\"translation-block\"><strong>General information on revocation and objection (opt-out):<\/strong> Users can revoke the consent they have given at any time and also object to processing in accordance with the legal requirements, including by using the privacy settings of their browser.<\/p>\n<p><strong>Cookie settings\/objection option:<\/strong> <span class=\"borlabs-cookie-open-dialog-preferences brlbs-cmpnt-container\" data-borlabs-cookie-title=\"Cookie-Einstellungen\" data-borlabs-cookie-type=\"button\" data-v-app=\"\"><button class=\"brlbs-cmpnt-btn brlbs-cmpnt-font-semibold brlbs-cmpnt-btn-preferences\" tabindex=\"0\" role=\"button\" data-v-0b8c04c5=\"\">Cookie Settings<\/button><\/span><\/p>\n<ul class=\"m-elements\">\n<li class=\"translation-block\"><strong>Types of data processed:<\/strong> Meta, communication, and procedural data (e.g., IP addresses, time stamps, identification numbers, persons involved). Usage data (e.g., page views and duration of visits, click paths, intensity and frequency of use, device types and operating systems used, interactions with content and features).<\/li>\n<li class=\"translation-block\"><strong>Data subjects:<\/strong> Users (e.g. website visitors, users of online services).<\/li>\n<li class=\"translation-block\"><strong>Purposes of processing:<\/strong> Provision of our online services and user-friendliness.<\/li>\n<li class=\"translation-block\"><strong>Legal basis:<\/strong> Legitimate interests (Art. 6 (1) (f) GDPR). Consent (Art. 6 (1) (a) GDPR).<\/li>\n<\/ul>\n<p><strong>Further information on processing processes, procedures and services:<\/strong><\/p>\n<ul class=\"m-elements\">\n<li class=\"translation-block\"><strong>Processing of cookie data based on consent:<\/strong> We use a consent management solution that obtains users&#039; consent to the use of cookies or to the procedures and providers named within the consent management solution. This procedure is used to obtain, log, manage, and revoke consent, in particular with regard to the use of cookies and similar technologies used to store, read, and process information on users&#039; end devices. As part of this procedure, users&#039; consent is obtained for the use of cookies and the associated processing of information, including the specific processing operations and providers named in the consent management procedure. Users also have the option of managing and revoking their consent. Consent declarations are saved to avoid repeated queries and to be able to provide evidence of consent in accordance with legal requirements. The data is stored on the server and\/or in a cookie (so-called opt-in cookie) or using similar technologies in order to be able to assign consent to a specific user or their device. Unless specific information is available about the providers of consent management services, the following general information applies: Consent is stored for up to two years. A pseudonymous user identifier is created, which is stored together with the time of consent, information on the scope of consent (e.g., relevant categories of cookies and\/or service providers), and information about the browser, system, and device used. <span class=\"\"><strong>Legal basis:<\/strong> Consent (Art. 6 (1) (a) GDPR).<\/span><\/li>\n<li class=\"translation-block\"><strong>Cookie opt-out:<\/strong> In the footer of our website, you will find a link that allows you to change your cookie settings and revoke your consent; <span class=\"\"><strong>legal basis:<\/strong> legitimate interests (Art. 6 (1) (f) GDPR).<\/span><\/li>\n<li><strong>BorlabsCookie: <\/strong>Consent management: procedures for obtaining, logging, managing and revoking consent, in particular for the use of cookies and similar technologies for storing, reading and processing information on users' end devices and their processing; <strong>Service provider:<\/strong>Execution on servers and\/or computers under your own data protection responsibility; <strong>Website:<\/strong> <a href=\"https:\/\/de.borlabs.io\/borlabs-cookie\/\" target=\"_blank\" rel=\"noopener nofollow external noreferrer\" data-wpel-link=\"external\">de.borlabs.io\/borlabs-cookie\/<\/a>. <strong>Further information:<\/strong>An individual user ID, language as well as types of consent and the time of their submission are stored on the server and in the cookie on the user's device.<\/li>\n<\/ul>\n\n\t\t<\/div>\n\t<\/div>\n<\/div><\/div><\/div><\/div>\n<\/div>","protected":false},"excerpt":{"rendered":"Einsatz von Cookies Unter dem Begriff \u201eCookies\u201c werden Funktionen, die Informationen auf Endger\u00e4ten der Nutzer speichern und aus ihnen auslesen, verstanden. Cookies k\u00f6nnen ferner in Bezug auf unterschiedliche Anliegen Einsatz finden, etwa zu Zwecken der Funktionsf\u00e4higkeit, der Sicherheit und des Komforts von Onlineangeboten sowie der Erstellung von Analysen der Besucherstr\u00f6me. Wir verwenden Cookies gem\u00e4\u00df den [...]","protected":false},"author":2,"featured_media":0,"parent":0,"menu_order":0,"comment_status":"closed","ping_status":"closed","template":"","meta":{"jnews_page_loop":{"enable_page_loop":"0","first_title":"Latest Post","second_title":"","header_type":"heading_6","header_background":"","header_text_color":"","layout":"right-sidebar","sidebar":"default-sidebar","second_sidebar":"default-sidebar","sticky_sidebar":"1","module":"3","boxed":"0","boxed_shadow":"0","box_shadow":"0","excerpt_length":"20","content_date":"default","date_custom":"Y\/m\/d","content_pagination":"nav_1","pagination_align":"center","show_navtext":"0","show_pageinfo":"0","post_offset":"0","posts_per_page":"5","include_post":"","exclude_post":"","include_category":"","exclude_category":"","include_author":"","include_tag":"","exclude_tag":"","sort_by":"latest","post_sticky":"0","main_custom_image_size":"default","second_custom_image_size":"default"},"jnews_single_page":{"layout":"right-sidebar","sidebar":"default-sidebar","second_sidebar":"default-sidebar","sticky_sidebar":"1","show_post_featured":"1","show_post_meta":"0","share_position":"hide","share_color":"share-monocrhome","show_post_title":"1","show_post_breadcrumbs":"1"},"footnotes":""},"class_list":["post-15754","page","type-page","status-publish","hentry"],"yoast_head":"<!-- This site is optimized with the Yoast SEO Premium plugin v27.5 (Yoast SEO v27.5) - https:\/\/yoast.com\/product\/yoast-seo-premium-wordpress\/ -->\n<title>Cookie-Einstellungen<\/title>\n<meta name=\"description\" content=\"Passen Sie Ihre Cookie-Einstellungen auf Apfelpatient.de an und steuern Sie, welche Daten gesammelt werden. Erhalten Sie Kontrolle \u00fcber Ihre Privatsph\u00e4re.\" \/>\n<meta name=\"robots\" content=\"index, follow, max-snippet:-1, max-image-preview:large, max-video-preview:-1\" \/>\n<link rel=\"canonical\" href=\"https:\/\/www.apfelpatient.de\/en\/cookie-settings\" \/>\n<meta property=\"og:locale\" content=\"en_US\" \/>\n<meta property=\"og:type\" content=\"article\" \/>\n<meta property=\"og:title\" content=\"Cookie-Einstellungen\" \/>\n<meta property=\"og:description\" content=\"Passen Sie Ihre Cookie-Einstellungen auf Apfelpatient.de an und steuern Sie, welche Daten gesammelt werden. Erhalten Sie Kontrolle \u00fcber Ihre Privatsph\u00e4re.\" \/>\n<meta property=\"og:url\" content=\"https:\/\/www.apfelpatient.de\/en\/cookie-settings\" \/>\n<meta property=\"og:site_name\" content=\"Apfelpatient\" \/>\n<meta property=\"article:publisher\" content=\"https:\/\/www.facebook.com\/apfelpatientOfficial\" \/>\n<meta property=\"article:modified_time\" content=\"2026-03-27T07:55:53+00:00\" \/>\n<meta property=\"og:image\" content=\"https:\/\/www.apfelpatient.de\/wp-content\/uploads\/2020\/09\/APP_Apfelpatient_RZ.png\" \/>\n\t<meta property=\"og:image:width\" content=\"992\" \/>\n\t<meta property=\"og:image:height\" content=\"992\" \/>\n\t<meta property=\"og:image:type\" content=\"image\/png\" \/>\n<meta name=\"twitter:card\" content=\"summary_large_image\" \/>\n<meta name=\"twitter:label1\" content=\"Est. reading time\" \/>\n\t<meta name=\"twitter:data1\" content=\"5 minutes\" \/>\n<script type=\"application\/ld+json\" class=\"yoast-schema-graph\">{\"@context\":\"https:\\\/\\\/schema.org\",\"@graph\":[{\"@type\":\"WebPage\",\"@id\":\"https:\\\/\\\/www.apfelpatient.de\\\/cookie-einstellungen\",\"url\":\"https:\\\/\\\/www.apfelpatient.de\\\/cookie-einstellungen\",\"name\":\"Cookie-Einstellungen\",\"isPartOf\":{\"@id\":\"https:\\\/\\\/www.apfelpatient.de\\\/#website\"},\"datePublished\":\"2020-09-30T16:36:18+00:00\",\"dateModified\":\"2026-03-27T07:55:53+00:00\",\"description\":\"Passen Sie Ihre Cookie-Einstellungen auf Apfelpatient.de an und steuern Sie, welche Daten gesammelt werden. Erhalten Sie Kontrolle \u00fcber Ihre Privatsph\u00e4re.\",\"breadcrumb\":{\"@id\":\"https:\\\/\\\/www.apfelpatient.de\\\/cookie-einstellungen#breadcrumb\"},\"inLanguage\":\"en-US\",\"potentialAction\":[{\"@type\":\"ReadAction\",\"target\":[\"https:\\\/\\\/www.apfelpatient.de\\\/cookie-einstellungen\"]}]},{\"@type\":\"BreadcrumbList\",\"@id\":\"https:\\\/\\\/www.apfelpatient.de\\\/cookie-einstellungen#breadcrumb\",\"itemListElement\":[{\"@type\":\"ListItem\",\"position\":1,\"name\":\"Startseite\",\"item\":\"https:\\\/\\\/www.apfelpatient.de\\\/\"},{\"@type\":\"ListItem\",\"position\":2,\"name\":\"Cookie-Einstellungen\"}]},{\"@type\":\"WebSite\",\"@id\":\"https:\\\/\\\/www.apfelpatient.de\\\/#website\",\"url\":\"https:\\\/\\\/www.apfelpatient.de\\\/\",\"name\":\"Apfelpatient\",\"description\":\"Alles rund um Apple!\",\"publisher\":{\"@type\":\"Organization\",\"@id\":\"https:\\\/\\\/www.apfelpatient.de\\\/en\\\/#organization\",\"name\":\"Apfelpatient\",\"url\":\"https:\\\/\\\/www.apfelpatient.de\\\/en\\\/\"},\"alternateName\":\"Apfelpatient\",\"potentialAction\":[{\"@type\":\"SearchAction\",\"target\":{\"@type\":\"EntryPoint\",\"urlTemplate\":\"https:\\\/\\\/www.apfelpatient.de\\\/?s={search_term_string}\"},\"query-input\":{\"@type\":\"PropertyValueSpecification\",\"valueRequired\":true,\"valueName\":\"search_term_string\"}}],\"inLanguage\":\"en-US\"},{\"@type\":[\"Person\",\"Organization\"],\"@id\":\"https:\\\/\\\/www.apfelpatient.de\\\/#\\\/schema\\\/person\\\/e4f8b18af64e6c2ef90d6eacaa5082af\",\"name\":\"Milan\",\"logo\":{\"@id\":\"https:\\\/\\\/www.apfelpatient.de\\\/#\\\/schema\\\/person\\\/image\\\/\"},\"description\":\"Hallo und herzlich willkommen auf meinem Technik-Blog! Als gro\u00dfer Apple-Fan berichte ich hier \u00fcber alles, was mit Apple zu tun hat: von den neuesten News und spannenden Ger\u00fcchten \u00fcber hilfreiche Tipps und Tricks bis hin zu ausf\u00fchrlichen Produkttests. Wenn du genauso technikbegeistert bist wie ich, bist du hier genau richtig!\",\"sameAs\":[\"https:\\\/\\\/www.facebook.com\\\/apfelpatientOfficial\",\"https:\\\/\\\/www.linkedin.com\\\/in\\\/milan-jovicic-42aa0231b\"]}]}<\/script>\n<!-- \/ Yoast SEO Premium plugin. -->","yoast_head_json":{"title":"Cookie Settings","description":"Adjust your cookie settings on Apfelpatient.de and control what data is collected. Get control over your privacy.","robots":{"index":"index","follow":"follow","max-snippet":"max-snippet:-1","max-image-preview":"max-image-preview:large","max-video-preview":"max-video-preview:-1"},"canonical":"https:\/\/www.apfelpatient.de\/en\/cookie-settings","og_locale":"en_US","og_type":"article","og_title":"Cookie-Einstellungen","og_description":"Passen Sie Ihre Cookie-Einstellungen auf Apfelpatient.de an und steuern Sie, welche Daten gesammelt werden. Erhalten Sie Kontrolle \u00fcber Ihre Privatsph\u00e4re.","og_url":"https:\/\/www.apfelpatient.de\/en\/cookie-settings","og_site_name":"Apfelpatient","article_publisher":"https:\/\/www.facebook.com\/apfelpatientOfficial","article_modified_time":"2026-03-27T07:55:53+00:00","og_image":[{"width":992,"height":992,"url":"https:\/\/www.apfelpatient.de\/wp-content\/uploads\/2020\/09\/APP_Apfelpatient_RZ.png","type":"image\/png"}],"twitter_card":"summary_large_image","twitter_misc":{"Est. reading time":"5 minutes"},"schema":{"@context":"https:\/\/schema.org","@graph":[{"@type":"WebPage","@id":"https:\/\/www.apfelpatient.de\/cookie-einstellungen","url":"https:\/\/www.apfelpatient.de\/cookie-einstellungen","name":"Cookie Settings","isPartOf":{"@id":"https:\/\/www.apfelpatient.de\/#website"},"datePublished":"2020-09-30T16:36:18+00:00","dateModified":"2026-03-27T07:55:53+00:00","description":"Adjust your cookie settings on Apfelpatient.de and control what data is collected. Get control over your privacy.","breadcrumb":{"@id":"https:\/\/www.apfelpatient.de\/cookie-einstellungen#breadcrumb"},"inLanguage":"en-US","potentialAction":[{"@type":"ReadAction","target":["https:\/\/www.apfelpatient.de\/cookie-einstellungen"]}]},{"@type":"BreadcrumbList","@id":"https:\/\/www.apfelpatient.de\/cookie-einstellungen#breadcrumb","itemListElement":[{"@type":"ListItem","position":1,"name":"Startseite","item":"https:\/\/www.apfelpatient.de\/"},{"@type":"ListItem","position":2,"name":"Cookie-Einstellungen"}]},{"@type":"WebSite","@id":"https:\/\/www.apfelpatient.de\/#website","url":"https:\/\/www.apfelpatient.de\/","name":"apple patient","description":"Everything about Apple!","publisher":{"@type":"Organization","@id":"https:\/\/www.apfelpatient.de\/en\/#organization","name":"Apfelpatient","url":"https:\/\/www.apfelpatient.de\/en\/"},"alternateName":"Apfelpatient","potentialAction":[{"@type":"SearchAction","target":{"@type":"EntryPoint","urlTemplate":"https:\/\/www.apfelpatient.de\/?s={search_term_string}"},"query-input":{"@type":"PropertyValueSpecification","valueRequired":true,"valueName":"search_term_string"}}],"inLanguage":"en-US"},{"@type":["Person","Organization"],"@id":"https:\/\/www.apfelpatient.de\/#\/schema\/person\/e4f8b18af64e6c2ef90d6eacaa5082af","name":"Milan","logo":{"@id":"https:\/\/www.apfelpatient.de\/#\/schema\/person\/image\/"},"description":"Hello and welcome to my technology blog! As a big Apple fan, I report on everything to do with Apple: from the latest news and exciting rumors to helpful tips and tricks and detailed product tests. If you are as enthusiastic about technology as I am, you have come to the right place!","sameAs":["https:\/\/www.facebook.com\/apfelpatientOfficial","https:\/\/www.linkedin.com\/in\/milan-jovicic-42aa0231b"]}]}},"_links":{"self":[{"href":"https:\/\/www.apfelpatient.de\/en\/wp-json\/wp\/v2\/pages\/15754","targetHints":{"allow":["GET"]}}],"collection":[{"href":"https:\/\/www.apfelpatient.de\/en\/wp-json\/wp\/v2\/pages"}],"about":[{"href":"https:\/\/www.apfelpatient.de\/en\/wp-json\/wp\/v2\/types\/page"}],"author":[{"embeddable":true,"href":"https:\/\/www.apfelpatient.de\/en\/wp-json\/wp\/v2\/users\/2"}],"replies":[{"embeddable":true,"href":"https:\/\/www.apfelpatient.de\/en\/wp-json\/wp\/v2\/comments?post=15754"}],"version-history":[{"count":1,"href":"https:\/\/www.apfelpatient.de\/en\/wp-json\/wp\/v2\/pages\/15754\/revisions"}],"predecessor-version":[{"id":65861,"href":"https:\/\/www.apfelpatient.de\/en\/wp-json\/wp\/v2\/pages\/15754\/revisions\/65861"}],"wp:attachment":[{"href":"https:\/\/www.apfelpatient.de\/en\/wp-json\/wp\/v2\/media?parent=15754"}],"curies":[{"name":"wp","href":"https:\/\/api.w.org\/{rel}","templated":true}]}}