{"id":11,"date":"2016-09-22T18:42:50","date_gmt":"2016-09-22T16:42:50","guid":{"rendered":"https:\/\/www.apfelpatient.de\/?page_id=11"},"modified":"2026-03-27T08:11:23","modified_gmt":"2026-03-27T07:11:23","slug":"imprint","status":"publish","type":"page","link":"https:\/\/www.apfelpatient.de\/en\/impressum","title":{"rendered":"Imprint \u2013 About APFELPATIENT"},"content":{"rendered":"\n<h2 class=\"wp-block-heading\" id=\"m46\">Diensteanbieter<\/h2>\n\n\n\n<p>D. R. Compania e. K.<\/p>\n\n\n\n<p>Kapellenstrasse 22<\/p>\n\n\n\n<p>82008 Unterhaching<\/p>\n\n\n\n<p>Deutschland<\/p>\n\n\n\n<h2 class=\"wp-block-heading\" id=\"m56\">Kontaktm\u00f6glichkeiten<\/h2>\n\n\n\n<p><strong>E-Mail-Adresse:<\/strong> info [at] apfelpatient [dot] de&nbsp;<span style=\"color: var(--textColor); background-color: var(--backgroundColor);\">[Kein Support]<\/span><\/p>\n\n\n\n<p><strong>Telefon:<\/strong> +49 160 946 358 80<\/p>\n\n\n\n<p><strong>Weitere Kontaktm\u00f6glichkeiten:<\/strong>&nbsp;F\u00fcr gesch\u00e4ftliche Anfragen wenden Sie sich an business [at] apfelpatient [dot] de<span style=\"color: var(--textColor); background-color: var(--backgroundColor);\"><br><\/span><\/p>\n\n\n\n<h2 class=\"wp-block-heading\" id=\"m153\">Vertretungsberechtigte<\/h2>\n\n\n\n<p><strong>Vertretungsberechtigt:<\/strong> Milan Jovicic<\/p>\n\n\n\n<h2 class=\"wp-block-heading\" id=\"m154\">Journalistisch-redaktionelle Angebote<\/h2>\n\n\n\n<p>Milan Jovicic<\/p>\n\n\n\n<p>Kapellenstrasse 22<\/p>\n\n\n\n<p>82008 Unterhaching<\/p>\n\n\n\n<p>Deutschland<\/p>\n\n\n\n<h2 class=\"wp-block-heading\" id=\"m58\">Angaben zum Unternehmen<\/h2>\n\n\n\n<p><strong>Umsatzsteuer Identifikationsnummer (USt-ID):<\/strong> DE287722909<\/p>\n\n\n\n<h2 class=\"wp-block-heading\" id=\"m72\">Berufshaftpflichtversicherung<\/h2>\n\n\n\n<p>Hiscox SA, Niederlassung f\u00fcr Deutschland<br>Arnulfstra\u00dfe 31<br>80636 M\u00fcnchen<\/p>\n\n\n\n<p><strong>R\u00e4umliche Geltung:<\/strong> Weltweit<\/p>\n\n\n\n<h2 class=\"wp-block-heading\" id=\"m151\">Register und Registernummer<\/h2>\n\n\n\n<p>Handelsregister<\/p>\n\n\n\n<p><strong>Gef\u00fchrt bei:<\/strong> Amtsgericht M\u00fcnchen<\/p>\n\n\n\n<p><strong>Nummer:<\/strong> 97596<\/p>\n\n\n\n<h2 class=\"wp-block-heading\" id=\"m174\">Online-Streitbeilegung (OS)<\/h2>\n\n\n\n<p>Online-Streitbeilegung: Die Europ\u00e4ische Kommission stellt eine Plattform zur Online-Streitbeilegung (OS) bereit, die Sie unter <a href=\"https:\/\/ec.europa.eu\/consumers\/odr\/\" target=\"_blank\" rel=\"noopener noreferrer\">ec.europa.eu\/consumers\/odr\/<\/a> finden. Verbraucher haben die M\u00f6glichkeit, diese Plattform f\u00fcr die Beilegung ihrer Streitigkeiten zu nutzen. <\/p>\n\n\n\n<h2 class=\"wp-block-heading\" id=\"m175\">Streitbeilegung vor einer Verbraucherschlichtungsstelle<\/h2>\n\n\n\n<p><strong>Angaben zur Teilnahme an der Verbraucherstreitschlichtung<\/strong>: Wir sind nicht bereit und nicht verpflichtet an einem Streitbeilegungsverfahren vor einer Verbraucherstreitschlichtungsstelle teilzunehmen.<\/p>\n\n\n\n<h2 class=\"wp-block-heading\" id=\"m172\">Social Media und andere Onlinepr\u00e4senzen<\/h2>\n\n\n\n<p><strong>Dieses Impressum gilt auch f\u00fcr die folgenden Social-Media-Pr\u00e4senzen und Onlineprofile:<\/strong> <\/p>\n\n\n\n<ul class=\"wp-block-list\">\n<li><a href=\"https:\/\/www.facebook.com\/apfelpatientOfficial\" target=\"_blank\" rel=\"noreferrer noopener\">Facebook<\/a><\/li>\n\n\n\n<li><a href=\"https:\/\/www.instagram.com\/apfelpatient_official\" target=\"_blank\" rel=\"noreferrer noopener\">Instagram<\/a><\/li>\n\n\n\n<li><a href=\"https:\/\/www.threads.net\/@apfelpatient_official\" target=\"_blank\" rel=\"noreferrer noopener\">Threads<\/a><\/li>\n\n\n\n<li><a href=\"https:\/\/www.youtube.com\/channel\/UCVjv_ypY4MrhfCAkXCp2RAw\" target=\"_blank\" rel=\"noreferrer noopener\">Youtube<\/a><\/li>\n\n\n\n<li><a href=\"https:\/\/www.tiktok.com\/@apfelpatient_official\" target=\"_blank\" rel=\"noreferrer noopener\">TikTok<\/a><\/li>\n<\/ul>\n\n\n\n<h2 class=\"wp-block-heading\" id=\"m65\">Haftungs- und Schutzrechtshinweise<\/h2>\n\n\n\n<p><strong>Haftungsausschluss<\/strong>: Die Inhalte dieses Onlineangebotes wurden sorgf\u00e4ltig und nach unserem aktuellen Kenntnisstand erstellt, dienen jedoch nur der Information und entfalten keine rechtlich bindende Wirkung, sofern es sich nicht um gesetzlich verpflichtende Informationen (z.B. das Impressum, die Datenschutzerkl\u00e4rung, AGB oder verpflichtende Belehrungen von Verbrauchern) handelt. Wir behalten uns vor, die Inhalte vollst\u00e4ndig oder teilweise zu \u00e4ndern oder zu l\u00f6schen, soweit vertragliche Verpflichtungen unber\u00fchrt bleiben. Alle Angebote sind freibleibend und unverbindlich. <\/p>\n\n\n\n<p><strong>Links auf fremde Webseiten<\/strong>: Inhalte fremder Webseiten, auf die wir direkt oder indirekt verweisen, liegen au\u00dferhalb unseres Verantwortungsbereiches und machen wir uns nicht zu Eigen. F\u00fcr alle Inhalte und insbesondere f\u00fcr Sch\u00e4den, die aus der Nutzung der in den verlinkten Webseiten aufrufbaren Informationen entstehen, haftet allein der Anbieter der verlinkten Webseiten.<\/p>\n\n\n\n<p><strong>Urheberrechte und Markenrechte<\/strong>: Alle auf dieser Website dargestellten Inhalte, wie Texte, Fotografien, Grafiken, Marken und Warenzeichen sind durch die jeweiligen Schutzrechte (Urheberrechte, Markenrechte) gesch\u00fctzt. Die Verwendung, Vervielf\u00e4ltigung usw. unterliegen unseren Rechten oder den Rechten der jeweiligen Urheber bzw. Rechteverwalter.<\/p>\n\n\n\n<p><strong>Hinweise auf Rechtsverst\u00f6\u00dfe<\/strong>: Sollten Sie innerhalb unseres Internetauftritts Rechtsverst\u00f6\u00dfe bemerken, bitten wir Sie uns auf diese hinzuweisen. Wir werden rechtswidrige Inhalte und Links nach Kenntnisnahme unverz\u00fcglich entfernen.<\/p>\n","protected":false},"excerpt":{"rendered":"<p>Diensteanbieter D. R. Compania e. K. Kapellenstrasse 22 82008 Unterhaching Deutschland Kontaktm\u00f6glichkeiten E-Mail-Adresse: info [at] apfelpatient [dot] de&nbsp;[Kein Support] Telefon: +49 160 946 358 80 Weitere Kontaktm\u00f6glichkeiten:&nbsp;F\u00fcr gesch\u00e4ftliche Anfragen wenden Sie sich an business [at] apfelpatient [dot] de Vertretungsberechtigte Vertretungsberechtigt: Milan Jovicic Journalistisch-redaktionelle Angebote Milan Jovicic Kapellenstrasse 22 82008 Unterhaching Deutschland Angaben zum Unternehmen Umsatzsteuer [&hellip;]<\/p>\n","protected":false},"author":2,"featured_media":0,"parent":0,"menu_order":0,"comment_status":"closed","ping_status":"closed","template":"","meta":{"jnews_page_loop":{"enable_page_loop":"0","first_title":"Latest Post","second_title":"","header_type":"heading_6","header_background":"","header_text_color":"","layout":"right-sidebar","sidebar":"default-sidebar","second_sidebar":"default-sidebar","sticky_sidebar":"1","module":"3","boxed":"0","boxed_shadow":"0","box_shadow":"0","excerpt_length":"20","content_date":"default","date_custom":"Y\/m\/d","content_pagination":"nav_1","pagination_align":"center","show_navtext":"0","show_pageinfo":"0","post_offset":"0","posts_per_page":"5","include_post":"","exclude_post":"","include_category":"","exclude_category":"","include_author":"","include_tag":"","exclude_tag":"","sort_by":"latest"},"jnews_single_page":{"layout":"no-sidebar","sidebar":"default-sidebar","second_sidebar":"default-sidebar","sticky_sidebar":"1","show_post_featured":"1","show_post_meta":"0","share_position":"hide","share_color":"share-monocrhome"},"footnotes":""},"class_list":["post-11","page","type-page","status-publish","hentry"],"yoast_head":"<!-- This site is optimized with the Yoast SEO Premium plugin v27.5 (Yoast SEO v27.5) - https:\/\/yoast.com\/product\/yoast-seo-premium-wordpress\/ -->\n<title>Impressum - \u00dcber APFELPATIENT<\/title>\n<meta name=\"description\" content=\"Diensteanbieter D. R. Compania e. K. Kapellenstrasse 22 82008 Unterhaching Deutschland Kontaktm\u00f6glichkeiten E-Mail-Adresse: info apfelpatient de&nbsp;\" \/>\n<meta name=\"robots\" content=\"index, follow, max-snippet:-1, max-image-preview:large, max-video-preview:-1\" \/>\n<link rel=\"canonical\" href=\"https:\/\/www.apfelpatient.de\/en\/imprint\" \/>\n<meta property=\"og:locale\" content=\"en_US\" \/>\n<meta property=\"og:type\" content=\"article\" \/>\n<meta property=\"og:title\" content=\"Impressum - \u00dcber APFELPATIENT\" \/>\n<meta property=\"og:description\" content=\"Diensteanbieter D. R. Compania e. K. Kapellenstrasse 22 82008 Unterhaching Deutschland Kontaktm\u00f6glichkeiten E-Mail-Adresse: info apfelpatient de&nbsp;\" \/>\n<meta property=\"og:url\" content=\"https:\/\/www.apfelpatient.de\/en\/imprint\" \/>\n<meta property=\"og:site_name\" content=\"Apfelpatient\" \/>\n<meta property=\"article:publisher\" content=\"https:\/\/www.facebook.com\/apfelpatientOfficial\" \/>\n<meta property=\"article:modified_time\" content=\"2026-03-27T07:11:23+00:00\" \/>\n<meta property=\"og:image\" content=\"https:\/\/www.apfelpatient.de\/wp-content\/uploads\/2020\/09\/APP_Apfelpatient_RZ.png\" \/>\n\t<meta property=\"og:image:width\" content=\"992\" \/>\n\t<meta property=\"og:image:height\" content=\"992\" \/>\n\t<meta property=\"og:image:type\" content=\"image\/png\" \/>\n<meta name=\"twitter:card\" content=\"summary_large_image\" \/>\n<meta name=\"twitter:label1\" content=\"Est. reading time\" \/>\n\t<meta name=\"twitter:data1\" content=\"2 minutes\" \/>\n<script type=\"application\/ld+json\" class=\"yoast-schema-graph\">{\"@context\":\"https:\\\/\\\/schema.org\",\"@graph\":[{\"@type\":\"WebPage\",\"@id\":\"https:\\\/\\\/www.apfelpatient.de\\\/impressum\",\"url\":\"https:\\\/\\\/www.apfelpatient.de\\\/impressum\",\"name\":\"Impressum - \u00dcber APFELPATIENT\",\"isPartOf\":{\"@id\":\"https:\\\/\\\/www.apfelpatient.de\\\/#website\"},\"datePublished\":\"2016-09-22T16:42:50+00:00\",\"dateModified\":\"2026-03-27T07:11:23+00:00\",\"description\":\"Diensteanbieter D. R. Compania e. K. Kapellenstrasse 22 82008 Unterhaching Deutschland Kontaktm\u00f6glichkeiten E-Mail-Adresse: info apfelpatient de&nbsp;\",\"breadcrumb\":{\"@id\":\"https:\\\/\\\/www.apfelpatient.de\\\/impressum#breadcrumb\"},\"inLanguage\":\"en-US\",\"potentialAction\":[{\"@type\":\"ReadAction\",\"target\":[\"https:\\\/\\\/www.apfelpatient.de\\\/impressum\"]}]},{\"@type\":\"BreadcrumbList\",\"@id\":\"https:\\\/\\\/www.apfelpatient.de\\\/impressum#breadcrumb\",\"itemListElement\":[{\"@type\":\"ListItem\",\"position\":1,\"name\":\"Startseite\",\"item\":\"https:\\\/\\\/www.apfelpatient.de\\\/\"},{\"@type\":\"ListItem\",\"position\":2,\"name\":\"Impressum &#8211; \u00dcber APFELPATIENT\"}]},{\"@type\":\"WebSite\",\"@id\":\"https:\\\/\\\/www.apfelpatient.de\\\/#website\",\"url\":\"https:\\\/\\\/www.apfelpatient.de\\\/\",\"name\":\"Apfelpatient\",\"description\":\"Alles rund um Apple!\",\"publisher\":{\"@type\":\"Organization\",\"@id\":\"https:\\\/\\\/www.apfelpatient.de\\\/en\\\/#organization\",\"name\":\"Apfelpatient\",\"url\":\"https:\\\/\\\/www.apfelpatient.de\\\/en\\\/\"},\"alternateName\":\"Apfelpatient\",\"potentialAction\":[{\"@type\":\"SearchAction\",\"target\":{\"@type\":\"EntryPoint\",\"urlTemplate\":\"https:\\\/\\\/www.apfelpatient.de\\\/?s={search_term_string}\"},\"query-input\":{\"@type\":\"PropertyValueSpecification\",\"valueRequired\":true,\"valueName\":\"search_term_string\"}}],\"inLanguage\":\"en-US\"},{\"@type\":[\"Person\",\"Organization\"],\"@id\":\"https:\\\/\\\/www.apfelpatient.de\\\/#\\\/schema\\\/person\\\/e4f8b18af64e6c2ef90d6eacaa5082af\",\"name\":\"Milan\",\"logo\":{\"@id\":\"https:\\\/\\\/www.apfelpatient.de\\\/#\\\/schema\\\/person\\\/image\\\/\"},\"description\":\"Hallo und herzlich willkommen auf meinem Technik-Blog! Als gro\u00dfer Apple-Fan berichte ich hier \u00fcber alles, was mit Apple zu tun hat: von den neuesten News und spannenden Ger\u00fcchten \u00fcber hilfreiche Tipps und Tricks bis hin zu ausf\u00fchrlichen Produkttests. Wenn du genauso technikbegeistert bist wie ich, bist du hier genau richtig!\",\"sameAs\":[\"https:\\\/\\\/www.facebook.com\\\/apfelpatientOfficial\",\"https:\\\/\\\/www.linkedin.com\\\/in\\\/milan-jovicic-42aa0231b\"]}]}<\/script>\n<!-- \/ Yoast SEO Premium plugin. -->","yoast_head_json":{"title":"Imprint - About APFEPTATIENT","description":"Service provider DR Compania e. K. Kapellenstrasse 22 82008 Unterhaching Germany Contact options Email address: info apfelpatient de&nbsp;","robots":{"index":"index","follow":"follow","max-snippet":"max-snippet:-1","max-image-preview":"max-image-preview:large","max-video-preview":"max-video-preview:-1"},"canonical":"https:\/\/www.apfelpatient.de\/en\/imprint","og_locale":"en_US","og_type":"article","og_title":"Impressum - \u00dcber APFELPATIENT","og_description":"Diensteanbieter D. R. Compania e. K. Kapellenstrasse 22 82008 Unterhaching Deutschland Kontaktm\u00f6glichkeiten E-Mail-Adresse: info apfelpatient de&nbsp;","og_url":"https:\/\/www.apfelpatient.de\/en\/imprint","og_site_name":"Apfelpatient","article_publisher":"https:\/\/www.facebook.com\/apfelpatientOfficial","article_modified_time":"2026-03-27T07:11:23+00:00","og_image":[{"width":992,"height":992,"url":"https:\/\/www.apfelpatient.de\/wp-content\/uploads\/2020\/09\/APP_Apfelpatient_RZ.png","type":"image\/png"}],"twitter_card":"summary_large_image","twitter_misc":{"Est. reading time":"2 minutes"},"schema":{"@context":"https:\/\/schema.org","@graph":[{"@type":"WebPage","@id":"https:\/\/www.apfelpatient.de\/impressum","url":"https:\/\/www.apfelpatient.de\/impressum","name":"Imprint - About APFEPTATIENT","isPartOf":{"@id":"https:\/\/www.apfelpatient.de\/#website"},"datePublished":"2016-09-22T16:42:50+00:00","dateModified":"2026-03-27T07:11:23+00:00","description":"Service provider DR Compania e. K. Kapellenstrasse 22 82008 Unterhaching Germany Contact options Email address: info apfelpatient de&nbsp;","breadcrumb":{"@id":"https:\/\/www.apfelpatient.de\/impressum#breadcrumb"},"inLanguage":"en-US","potentialAction":[{"@type":"ReadAction","target":["https:\/\/www.apfelpatient.de\/impressum"]}]},{"@type":"BreadcrumbList","@id":"https:\/\/www.apfelpatient.de\/impressum#breadcrumb","itemListElement":[{"@type":"ListItem","position":1,"name":"Startseite","item":"https:\/\/www.apfelpatient.de\/"},{"@type":"ListItem","position":2,"name":"Impressum &#8211; \u00dcber APFELPATIENT"}]},{"@type":"WebSite","@id":"https:\/\/www.apfelpatient.de\/#website","url":"https:\/\/www.apfelpatient.de\/","name":"apple patient","description":"Everything about Apple!","publisher":{"@type":"Organization","@id":"https:\/\/www.apfelpatient.de\/en\/#organization","name":"Apfelpatient","url":"https:\/\/www.apfelpatient.de\/en\/"},"alternateName":"Apfelpatient","potentialAction":[{"@type":"SearchAction","target":{"@type":"EntryPoint","urlTemplate":"https:\/\/www.apfelpatient.de\/?s={search_term_string}"},"query-input":{"@type":"PropertyValueSpecification","valueRequired":true,"valueName":"search_term_string"}}],"inLanguage":"en-US"},{"@type":["Person","Organization"],"@id":"https:\/\/www.apfelpatient.de\/#\/schema\/person\/e4f8b18af64e6c2ef90d6eacaa5082af","name":"Milan","logo":{"@id":"https:\/\/www.apfelpatient.de\/#\/schema\/person\/image\/"},"description":"Hello and welcome to my technology blog! As a big Apple fan, I report on everything to do with Apple: from the latest news and exciting rumors to helpful tips and tricks and detailed product tests. If you are as enthusiastic about technology as I am, you have come to the right place!","sameAs":["https:\/\/www.facebook.com\/apfelpatientOfficial","https:\/\/www.linkedin.com\/in\/milan-jovicic-42aa0231b"]}]}},"_links":{"self":[{"href":"https:\/\/www.apfelpatient.de\/en\/wp-json\/wp\/v2\/pages\/11","targetHints":{"allow":["GET"]}}],"collection":[{"href":"https:\/\/www.apfelpatient.de\/en\/wp-json\/wp\/v2\/pages"}],"about":[{"href":"https:\/\/www.apfelpatient.de\/en\/wp-json\/wp\/v2\/types\/page"}],"author":[{"embeddable":true,"href":"https:\/\/www.apfelpatient.de\/en\/wp-json\/wp\/v2\/users\/2"}],"replies":[{"embeddable":true,"href":"https:\/\/www.apfelpatient.de\/en\/wp-json\/wp\/v2\/comments?post=11"}],"version-history":[{"count":1,"href":"https:\/\/www.apfelpatient.de\/en\/wp-json\/wp\/v2\/pages\/11\/revisions"}],"predecessor-version":[{"id":65849,"href":"https:\/\/www.apfelpatient.de\/en\/wp-json\/wp\/v2\/pages\/11\/revisions\/65849"}],"wp:attachment":[{"href":"https:\/\/www.apfelpatient.de\/en\/wp-json\/wp\/v2\/media?parent=11"}],"curies":[{"name":"wp","href":"https:\/\/api.w.org\/{rel}","templated":true}]}}